{"id":1194,"date":"2024-05-01T14:49:07","date_gmt":"2024-05-01T14:49:07","guid":{"rendered":"https:\/\/demo.casethemes.net\/proactive\/?page_id=1194"},"modified":"2025-04-19T21:32:41","modified_gmt":"2025-04-19T21:32:41","slug":"fragor-och-svar","status":"publish","type":"page","link":"https:\/\/topgearwebservice.co.uk\/sv\/fragor-och-svar\/","title":{"rendered":"Vanliga fr\u00e5gor"},"content":{"rendered":"<div data-elementor-type=\"wp-page\" data-elementor-id=\"1194\" class=\"elementor elementor-1194\">\n\t\t\t\t        <section class=\"elementor-section elementor-top-section elementor-element elementor-element-60e76bf elementor-section-boxed elementor-section-height-default elementor-section-height-default pxl-row-scroll-none pxl-zoom-point-false pxl-section-overflow-visible pxl-section-fix-none pxl-bg-color-none pxl-section-overlay-none\" data-id=\"60e76bf\" data-element_type=\"section\">\n\n                \n                <div class=\"elementor-container elementor-column-gap-extended\">\n                <div class=\"elementor-column elementor-col-100 elementor-top-column elementor-element elementor-element-15ccd10 pxl-column-none pxl-column-overflow-hidden-no\" data-id=\"15ccd10\" data-element_type=\"column\">\r\n        <div class=\"elementor-widget-wrap elementor-element-populated\">\r\n                     \r\n        \t\t<div class=\"elementor-element elementor-element-ccc913a elementor-widget elementor-widget-pxl_heading\" data-id=\"ccc913a\" data-element_type=\"widget\" data-widget_type=\"pxl_heading.default\">\n\t\t\t\t<div class=\"elementor-widget-container\">\n\t\t\t\t\t\n<div id=\"pxl-pxl_heading-ccc913a-5644\" class=\"pxl-heading px-sub-title-shape-style\">\n\t<div class=\"pxl-heading--inner\">\n\t\t\t\t\t<div class=\"pxl-item--subtitle px-sub-title-shape\" data-wow-delay=\"ms\">\n\t\t\t\t<span class=\"pxl-item--subtext\">\n\t\t\t\t\t\t\t\t\t\t\t<i class=\"flaticon-heading text-gradient pxl-mr-10 pxl-icon--heading\"><\/i>\n\t\t\t\t\t\t\t\t\t\t\t\t\t\t\t\t\t\t\t\t<span class=\"\">Popul\u00e4ra fr\u00e5gor<\/span>\n\t\t\t\t<\/span>\n\t\t\t<\/div>\n\t\t\n\t\t<h2 class=\"pxl-item--title style-default highlight-default pxl-split-text split-in-right\" data-wow-delay=\"ms\">\n\n\t\t\t<span class=\"pxl-heading--text\">\n\n\t\t\t\t\t\t\t\t\tVanliga fr\u00e5gor och svar\t\n\t\t\t\t\t\n\n\t\t\t<\/span>\n\t\t<\/h2>\n\t\t\n\t<\/div>\n<\/div>\t\t\t\t<\/div>\n\t\t\t\t<\/div>\n\t\t        <section class=\"elementor-section elementor-inner-section elementor-element elementor-element-eac2d63 elementor-section-boxed elementor-section-height-default elementor-section-height-default pxl-row-scroll-none pxl-zoom-point-false pxl-section-overflow-visible pxl-section-fix-none pxl-bg-color-none pxl-section-overlay-none\" data-id=\"eac2d63\" data-element_type=\"section\">\n\n                \n                <div class=\"elementor-container elementor-column-gap-extended\">\n                <div class=\"elementor-column elementor-col-50 elementor-inner-column elementor-element elementor-element-759dd5a pxl-column-none pxl-column-overflow-hidden-no\" data-id=\"759dd5a\" data-element_type=\"column\">\r\n        <div class=\"elementor-widget-wrap elementor-element-populated\">\r\n                     \r\n        \t\t<div class=\"elementor-element elementor-element-463bd04 elementor-widget elementor-widget-pxl_accordion\" data-id=\"463bd04\" data-element_type=\"widget\" data-widget_type=\"pxl_accordion.default\">\n\t\t\t\t<div class=\"elementor-widget-container\">\n\t\t\t\t\t    <div class=\"pxl-accordion pxl-accordion1 style-default\" data-wow-delay=\"ms\">\r\n                    <div class=\"pxl--item\">\r\n                <h5 class=\"pxl-accordion--title\" data-target=\"#pxl_accordion-463bd04-4942-34d4f7c\">\r\n                    <div class=\"pxl-title--number pxl-empty\">01<\/div>\r\n                                        <span class=\"pxl-title--text\">Varf\u00f6r beh\u00f6ver mitt f\u00f6retag i London verkligen en webbplats?<\/span>\r\n                    <span class=\"pxl-icon--action\"><span class=\"pxl-icon--plus pxl-icon--gradient\"><span><\/span><\/span><\/span>                <\/h5>\r\n                <div id=\"pxl_accordion-463bd04-4942-34d4f7c\" class=\"pxl-accordion--content\" >Enkelt: att synas f\u00f6r fler kunder online, 24\/7. Det \u00e4r ditt digitala skyltf\u00f6nster p\u00e5 den enorma Londonmarknaden.<\/div>\r\n            <\/div>\r\n                    <div class=\"pxl--item active\">\r\n                <h5 class=\"pxl-accordion--title\" data-target=\"#pxl_accordion-463bd04-4942-ad26938\">\r\n                    <div class=\"pxl-title--number pxl-empty\">02<\/div>\r\n                                        <span class=\"pxl-title--text\">Kan en webbplats faktiskt \u00f6ka min f\u00f6rs\u00e4ljning och inkomst?<\/span>\r\n                    <span class=\"pxl-icon--action\"><span class=\"pxl-icon--plus pxl-icon--gradient\"><span><\/span><\/span><\/span>                <\/h5>\r\n                <div id=\"pxl_accordion-463bd04-4942-ad26938\" class=\"pxl-accordion--content\" style=\"display: block;\">Ja, absolut! En v\u00e4ldesignad webbplats lockar fler kunder, visar upp dina erbjudanden och g\u00f6r det enkelt f\u00f6r dem att k\u00f6pa fr\u00e5n dig, vilket leder till \u00f6kade int\u00e4kter.<\/div>\r\n            <\/div>\r\n                    <div class=\"pxl--item\">\r\n                <h5 class=\"pxl-accordion--title\" data-target=\"#pxl_accordion-463bd04-4942-5b0c792\">\r\n                    <div class=\"pxl-title--number pxl-empty\">03<\/div>\r\n                                        <span class=\"pxl-title--text\">Jag \u00e4r en liten butik i Londonomr\u00e5det. Kommer en webbplats att hj\u00e4lpa mig?<\/span>\r\n                    <span class=\"pxl-icon--action\"><span class=\"pxl-icon--plus pxl-icon--gradient\"><span><\/span><\/span><\/span>                <\/h5>\r\n                <div id=\"pxl_accordion-463bd04-4942-5b0c792\" class=\"pxl-accordion--content\" >Definitivt. Lokal SEO p\u00e5 din webbplats g\u00f6r att du hittas av Londonbor som s\u00f6ker efter f\u00f6retag precis som ditt i ditt omr\u00e5de.<\/div>\r\n            <\/div>\r\n                    <div class=\"pxl--item\">\r\n                <h5 class=\"pxl-accordion--title\" data-target=\"#pxl_accordion-463bd04-4942-74758e3\">\r\n                    <div class=\"pxl-title--number pxl-empty\">04<\/div>\r\n                                        <span class=\"pxl-title--text\">\u00c4r det dyrt att ha en webbplats?<\/span>\r\n                    <span class=\"pxl-icon--action\"><span class=\"pxl-icon--plus pxl-icon--gradient\"><span><\/span><\/span><\/span>                <\/h5>\r\n                <div id=\"pxl_accordion-463bd04-4942-74758e3\" class=\"pxl-accordion--content\" >Inte n\u00f6dv\u00e4ndigtvis. Vi erbjuder skr\u00e4ddarsydda l\u00f6sningar som passar olika budgetar och ger en v\u00e4rdefull avkastning p\u00e5 din investering. Se det som att du investerar i din framtida tillv\u00e4xt.<\/div>\r\n            <\/div>\r\n                    <div class=\"pxl--item\">\r\n                <h5 class=\"pxl-accordion--title\" data-target=\"#pxl_accordion-463bd04-4942-ad6f45f\">\r\n                    <div class=\"pxl-title--number pxl-empty\">05<\/div>\r\n                                        <span class=\"pxl-title--text\">Jag \u00e4r inte tekniskt kunnig. \u00c4r det komplicerat att hantera en webbplats?<\/span>\r\n                    <span class=\"pxl-icon--action\"><span class=\"pxl-icon--plus pxl-icon--gradient\"><span><\/span><\/span><\/span>                <\/h5>\r\n                <div id=\"pxl_accordion-463bd04-4942-ad6f45f\" class=\"pxl-accordion--content\" >Vi bygger anv\u00e4ndarv\u00e4nliga webbplatser och erbjuder l\u00f6pande support, s\u00e5 att du inte beh\u00f6ver vara en teknisk snilleblixt f\u00f6r att hantera din n\u00e4rvaro p\u00e5 n\u00e4tet.<\/div>\r\n            <\/div>\r\n            <\/div>\r\n\t\t\t\t<\/div>\n\t\t\t\t<\/div>\n\t\t            <\/div>\r\n        <\/div>\r\n                <div class=\"elementor-column elementor-col-50 elementor-inner-column elementor-element elementor-element-546bea1 pxl-column-none pxl-column-overflow-hidden-no\" data-id=\"546bea1\" data-element_type=\"column\">\r\n        <div class=\"elementor-widget-wrap elementor-element-populated\">\r\n                     \r\n        \t\t<div class=\"elementor-element elementor-element-02b14e5 elementor-widget elementor-widget-pxl_accordion\" data-id=\"02b14e5\" data-element_type=\"widget\" data-widget_type=\"pxl_accordion.default\">\n\t\t\t\t<div class=\"elementor-widget-container\">\n\t\t\t\t\t    <div class=\"pxl-accordion pxl-accordion1 style-default\" data-wow-delay=\"ms\">\r\n                    <div class=\"pxl--item\">\r\n                <h5 class=\"pxl-accordion--title\" data-target=\"#pxl_accordion-02b14e5-3661-34d4f7c\">\r\n                    <div class=\"pxl-title--number pxl-empty\">06<\/div>\r\n                                        <span class=\"pxl-title--text\">Hur snabbt kan jag se resultat av att ha en webbplats?<\/span>\r\n                    <span class=\"pxl-icon--action\"><span class=\"pxl-icon--plus pxl-icon--gradient\"><span><\/span><\/span><\/span>                <\/h5>\r\n                <div id=\"pxl_accordion-02b14e5-3661-34d4f7c\" class=\"pxl-accordion--content\" >\u00c4ven om SEO tar tid kan du b\u00f6rja visa upp ditt f\u00f6retag och samarbeta med potentiella kunder online n\u00e4stan omedelbart.<\/div>\r\n            <\/div>\r\n                    <div class=\"pxl--item\">\r\n                <h5 class=\"pxl-accordion--title\" data-target=\"#pxl_accordion-02b14e5-3661-ad26938\">\r\n                    <div class=\"pxl-title--number pxl-empty\">07<\/div>\r\n                                        <span class=\"pxl-title--text\">Jag vill tj\u00e4na pengar hemifr\u00e5n i London. Kan du hj\u00e4lpa mig?<\/span>\r\n                    <span class=\"pxl-icon--action\"><span class=\"pxl-icon--plus pxl-icon--gradient\"><span><\/span><\/span><\/span>                <\/h5>\r\n                <div id=\"pxl_accordion-02b14e5-3661-ad26938\" class=\"pxl-accordion--content\" >Ja, det kan du! En webbplats och en onlinebutik kan vara din plattform f\u00f6r att s\u00e4lja dina f\u00e4rdigheter, produkter eller tj\u00e4nster direkt fr\u00e5n ditt hem till Londonmarknaden och vidare.<\/div>\r\n            <\/div>\r\n                    <div class=\"pxl--item\">\r\n                <h5 class=\"pxl-accordion--title\" data-target=\"#pxl_accordion-02b14e5-3661-5b0c792\">\r\n                    <div class=\"pxl-title--number pxl-empty\">08<\/div>\r\n                                        <span class=\"pxl-title--text\">Vilken typ av webbplats beh\u00f6ver jag f\u00f6r mitt f\u00f6retag i London?<\/span>\r\n                    <span class=\"pxl-icon--action\"><span class=\"pxl-icon--plus pxl-icon--gradient\"><span><\/span><\/span><\/span>                <\/h5>\r\n                <div id=\"pxl_accordion-02b14e5-3661-5b0c792\" class=\"pxl-accordion--content\" >Vi arbetar tillsammans med dig f\u00f6r att f\u00f6rst\u00e5 dina specifika behov och skapa en skr\u00e4ddarsydd webbplats som perfekt \u00e5terspeglar ditt varum\u00e4rke och dina m\u00e5l.<\/div>\r\n            <\/div>\r\n                    <div class=\"pxl--item active\">\r\n                <h5 class=\"pxl-accordion--title\" data-target=\"#pxl_accordion-02b14e5-3661-74758e3\">\r\n                    <div class=\"pxl-title--number pxl-empty\">09<\/div>\r\n                                        <span class=\"pxl-title--text\">Kommer en webbplats att hj\u00e4lpa mig att sticka ut fr\u00e5n mina konkurrenter i London?<\/span>\r\n                    <span class=\"pxl-icon--action\"><span class=\"pxl-icon--plus pxl-icon--gradient\"><span><\/span><\/span><\/span>                <\/h5>\r\n                <div id=\"pxl_accordion-02b14e5-3661-74758e3\" class=\"pxl-accordion--content\" style=\"display: block;\">Absolut. En professionellt utformad webbplats visar upp dina unika erbjudanden och din varum\u00e4rkesidentitet och hj\u00e4lper dig att g\u00f6ra ett minnesv\u00e4rt intryck.<\/div>\r\n            <\/div>\r\n                    <div class=\"pxl--item\">\r\n                <h5 class=\"pxl-accordion--title\" data-target=\"#pxl_accordion-02b14e5-3661-ad6f45f\">\r\n                    <div class=\"pxl-title--number pxl-empty\">10<\/div>\r\n                                        <span class=\"pxl-title--text\">Redo att ta min London-verksamhet online? Vad \u00e4r n\u00e4sta steg?<\/span>\r\n                    <span class=\"pxl-icon--action\"><span class=\"pxl-icon--plus pxl-icon--gradient\"><span><\/span><\/span><\/span>                <\/h5>\r\n                <div id=\"pxl_accordion-02b14e5-3661-ad6f45f\" class=\"pxl-accordion--content\" >H\u00f6r av dig f\u00f6r en pratstund! Vi diskuterar dina behov och hur en webbplats kan hj\u00e4lpa dig att trivas p\u00e5 marknaden i London och \u00f6ka dina inkomster.<\/div>\r\n            <\/div>\r\n            <\/div>\r\n\t\t\t\t<\/div>\n\t\t\t\t<\/div>\n\t\t            <\/div>\r\n        <\/div>\r\n        \t\t\t<\/div>\n\t\t<\/section>\n\t\t            <\/div>\r\n        <\/div>\r\n        \t\t\t<\/div>\n\t\t<\/section>\n\t\t\t\t<\/div>","protected":false},"excerpt":{"rendered":"<p>Popular Questions Frequently Asked Questions 01 Why does my London business really need a website? Simple: to be seen by more customers online, 24\/7. It&#8217;s your digital shopfront in the massive London market. 02 Can a website actually boost my sales and income? Absolutely! A well-designed site attracts more customers, showcases your offerings, and makes [&hellip;]<\/p>","protected":false},"author":1,"featured_media":0,"parent":0,"menu_order":0,"comment_status":"closed","ping_status":"closed","template":"","meta":{"googlesitekit_rrm_CAowjZu7DA:productID":"","footnotes":""},"class_list":["post-1194","page","type-page","status-publish","hentry"],"yoast_head":"<!-- This site is optimized with the Yoast SEO plugin v26.0 - https:\/\/yoast.com\/wordpress\/plugins\/seo\/ -->\n<title>FAQs - Web Design and Mobile App Development<\/title>\n<meta name=\"robots\" content=\"index, follow, max-snippet:-1, max-image-preview:large, max-video-preview:-1\" \/>\n<link rel=\"canonical\" href=\"https:\/\/topgearwebservice.co.uk\/sv\/fragor-och-svar\/\" \/>\n<meta property=\"og:locale\" content=\"sv_SE\" \/>\n<meta property=\"og:type\" content=\"article\" \/>\n<meta property=\"og:title\" content=\"FAQs - Web Design and Mobile App Development\" \/>\n<meta property=\"og:description\" content=\"Popular Questions Frequently Asked Questions 01 Why does my London business really need a website? Simple: to be seen by more customers online, 24\/7. It&#8217;s your digital shopfront in the massive London market. 02 Can a website actually boost my sales and income? Absolutely! A well-designed site attracts more customers, showcases your offerings, and makes [&hellip;]\" \/>\n<meta property=\"og:url\" content=\"https:\/\/topgearwebservice.co.uk\/sv\/fragor-och-svar\/\" \/>\n<meta property=\"og:site_name\" content=\"Web Design and Mobile App Development\" \/>\n<meta property=\"article:modified_time\" content=\"2025-04-19T21:32:41+00:00\" \/>\n<meta name=\"twitter:card\" content=\"summary_large_image\" \/>\n<meta name=\"twitter:label1\" content=\"Ber\u00e4knad l\u00e4stid\" \/>\n\t<meta name=\"twitter:data1\" content=\"2 minuter\" \/>\n<script type=\"application\/ld+json\" class=\"yoast-schema-graph\">{\"@context\":\"https:\/\/schema.org\",\"@graph\":[{\"@type\":\"WebPage\",\"@id\":\"https:\/\/topgearwebservice.co.uk\/faqs\/\",\"url\":\"https:\/\/topgearwebservice.co.uk\/faqs\/\",\"name\":\"FAQs - Web Design and Mobile App Development\",\"isPartOf\":{\"@id\":\"https:\/\/topgearwebservice.co.uk\/#website\"},\"datePublished\":\"2024-05-01T14:49:07+00:00\",\"dateModified\":\"2025-04-19T21:32:41+00:00\",\"breadcrumb\":{\"@id\":\"https:\/\/topgearwebservice.co.uk\/faqs\/#breadcrumb\"},\"inLanguage\":\"sv-SE\",\"potentialAction\":[{\"@type\":\"ReadAction\",\"target\":[\"https:\/\/topgearwebservice.co.uk\/faqs\/\"]}]},{\"@type\":\"BreadcrumbList\",\"@id\":\"https:\/\/topgearwebservice.co.uk\/faqs\/#breadcrumb\",\"itemListElement\":[{\"@type\":\"ListItem\",\"position\":1,\"name\":\"Home\",\"item\":\"https:\/\/topgearwebservice.co.uk\/\"},{\"@type\":\"ListItem\",\"position\":2,\"name\":\"FAQs\"}]},{\"@type\":\"WebSite\",\"@id\":\"https:\/\/topgearwebservice.co.uk\/#website\",\"url\":\"https:\/\/topgearwebservice.co.uk\/\",\"name\":\"Expert Web Design & Mobile App Development\",\"description\":\"Web Design\",\"publisher\":{\"@id\":\"https:\/\/topgearwebservice.co.uk\/#organization\"},\"potentialAction\":[{\"@type\":\"SearchAction\",\"target\":{\"@type\":\"EntryPoint\",\"urlTemplate\":\"https:\/\/topgearwebservice.co.uk\/?s={search_term_string}\"},\"query-input\":{\"@type\":\"PropertyValueSpecification\",\"valueRequired\":true,\"valueName\":\"search_term_string\"}}],\"inLanguage\":\"sv-SE\"},{\"@type\":\"Organization\",\"@id\":\"https:\/\/topgearwebservice.co.uk\/#organization\",\"name\":\"Expert Web Design & Mobile App Development\",\"url\":\"https:\/\/topgearwebservice.co.uk\/\",\"logo\":{\"@type\":\"ImageObject\",\"inLanguage\":\"sv-SE\",\"@id\":\"https:\/\/topgearwebservice.co.uk\/#\/schema\/logo\/image\/\",\"url\":\"https:\/\/topgearwebservice.co.uk\/wp-content\/uploads\/2024\/04\/WhatsApp-Image-2025-09-08-at-23.36.35_3365f147.jpg\",\"contentUrl\":\"https:\/\/topgearwebservice.co.uk\/wp-content\/uploads\/2024\/04\/WhatsApp-Image-2025-09-08-at-23.36.35_3365f147.jpg\",\"width\":734,\"height\":705,\"caption\":\"Expert Web Design & Mobile App Development\"},\"image\":{\"@id\":\"https:\/\/topgearwebservice.co.uk\/#\/schema\/logo\/image\/\"}}]}<\/script>\n<!-- \/ Yoast SEO plugin. -->","yoast_head_json":{"title":"FAQs - Web Design and Mobile App Development","robots":{"index":"index","follow":"follow","max-snippet":"max-snippet:-1","max-image-preview":"max-image-preview:large","max-video-preview":"max-video-preview:-1"},"canonical":"https:\/\/topgearwebservice.co.uk\/sv\/fragor-och-svar\/","og_locale":"sv_SE","og_type":"article","og_title":"FAQs - Web Design and Mobile App Development","og_description":"Popular Questions Frequently Asked Questions 01 Why does my London business really need a website? Simple: to be seen by more customers online, 24\/7. It&#8217;s your digital shopfront in the massive London market. 02 Can a website actually boost my sales and income? Absolutely! A well-designed site attracts more customers, showcases your offerings, and makes [&hellip;]","og_url":"https:\/\/topgearwebservice.co.uk\/sv\/fragor-och-svar\/","og_site_name":"Web Design and Mobile App Development","article_modified_time":"2025-04-19T21:32:41+00:00","twitter_card":"summary_large_image","twitter_misc":{"Ber\u00e4knad l\u00e4stid":"2 minuter"},"schema":{"@context":"https:\/\/schema.org","@graph":[{"@type":"WebPage","@id":"https:\/\/topgearwebservice.co.uk\/faqs\/","url":"https:\/\/topgearwebservice.co.uk\/faqs\/","name":"FAQs - Web Design and Mobile App Development","isPartOf":{"@id":"https:\/\/topgearwebservice.co.uk\/#website"},"datePublished":"2024-05-01T14:49:07+00:00","dateModified":"2025-04-19T21:32:41+00:00","breadcrumb":{"@id":"https:\/\/topgearwebservice.co.uk\/faqs\/#breadcrumb"},"inLanguage":"sv-SE","potentialAction":[{"@type":"ReadAction","target":["https:\/\/topgearwebservice.co.uk\/faqs\/"]}]},{"@type":"BreadcrumbList","@id":"https:\/\/topgearwebservice.co.uk\/faqs\/#breadcrumb","itemListElement":[{"@type":"ListItem","position":1,"name":"Home","item":"https:\/\/topgearwebservice.co.uk\/"},{"@type":"ListItem","position":2,"name":"FAQs"}]},{"@type":"WebSite","@id":"https:\/\/topgearwebservice.co.uk\/#website","url":"https:\/\/topgearwebservice.co.uk\/","name":"Expert p\u00e5 webbdesign och utveckling av mobilappar","description":"Webbdesign","publisher":{"@id":"https:\/\/topgearwebservice.co.uk\/#organization"},"potentialAction":[{"@type":"SearchAction","target":{"@type":"EntryPoint","urlTemplate":"https:\/\/topgearwebservice.co.uk\/?s={search_term_string}"},"query-input":{"@type":"PropertyValueSpecification","valueRequired":true,"valueName":"search_term_string"}}],"inLanguage":"sv-SE"},{"@type":"Organization","@id":"https:\/\/topgearwebservice.co.uk\/#organization","name":"Expert p\u00e5 webbdesign och utveckling av mobilappar","url":"https:\/\/topgearwebservice.co.uk\/","logo":{"@type":"ImageObject","inLanguage":"sv-SE","@id":"https:\/\/topgearwebservice.co.uk\/#\/schema\/logo\/image\/","url":"https:\/\/topgearwebservice.co.uk\/wp-content\/uploads\/2024\/04\/WhatsApp-Image-2025-09-08-at-23.36.35_3365f147.jpg","contentUrl":"https:\/\/topgearwebservice.co.uk\/wp-content\/uploads\/2024\/04\/WhatsApp-Image-2025-09-08-at-23.36.35_3365f147.jpg","width":734,"height":705,"caption":"Expert Web Design & Mobile App Development"},"image":{"@id":"https:\/\/topgearwebservice.co.uk\/#\/schema\/logo\/image\/"}}]}},"_hostinger_reach_plugin_has_subscription_block":false,"_hostinger_reach_plugin_is_elementor":false,"_links":{"self":[{"href":"https:\/\/topgearwebservice.co.uk\/sv\/wp-json\/wp\/v2\/pages\/1194","targetHints":{"allow":["GET"]}}],"collection":[{"href":"https:\/\/topgearwebservice.co.uk\/sv\/wp-json\/wp\/v2\/pages"}],"about":[{"href":"https:\/\/topgearwebservice.co.uk\/sv\/wp-json\/wp\/v2\/types\/page"}],"author":[{"embeddable":true,"href":"https:\/\/topgearwebservice.co.uk\/sv\/wp-json\/wp\/v2\/users\/1"}],"replies":[{"embeddable":true,"href":"https:\/\/topgearwebservice.co.uk\/sv\/wp-json\/wp\/v2\/comments?post=1194"}],"version-history":[{"count":6,"href":"https:\/\/topgearwebservice.co.uk\/sv\/wp-json\/wp\/v2\/pages\/1194\/revisions"}],"predecessor-version":[{"id":5275,"href":"https:\/\/topgearwebservice.co.uk\/sv\/wp-json\/wp\/v2\/pages\/1194\/revisions\/5275"}],"wp:attachment":[{"href":"https:\/\/topgearwebservice.co.uk\/sv\/wp-json\/wp\/v2\/media?parent=1194"}],"curies":[{"name":"wp","href":"https:\/\/api.w.org\/{rel}","templated":true}]}}