{"id":1194,"date":"2024-05-01T14:49:07","date_gmt":"2024-05-01T14:49:07","guid":{"rendered":"https:\/\/demo.casethemes.net\/proactive\/?page_id=1194"},"modified":"2025-04-19T21:32:41","modified_gmt":"2025-04-19T21:32:41","slug":"sss","status":"publish","type":"page","link":"https:\/\/topgearwebservice.co.uk\/tr\/sss\/","title":{"rendered":"SSS"},"content":{"rendered":"<div data-elementor-type=\"wp-page\" data-elementor-id=\"1194\" class=\"elementor elementor-1194\">\n\t\t\t\t        <section class=\"elementor-section elementor-top-section elementor-element elementor-element-60e76bf elementor-section-boxed elementor-section-height-default elementor-section-height-default pxl-row-scroll-none pxl-zoom-point-false pxl-section-overflow-visible pxl-section-fix-none pxl-bg-color-none pxl-section-overlay-none\" data-id=\"60e76bf\" data-element_type=\"section\">\n\n                \n                <div class=\"elementor-container elementor-column-gap-extended\">\n                <div class=\"elementor-column elementor-col-100 elementor-top-column elementor-element elementor-element-15ccd10 pxl-column-none pxl-column-overflow-hidden-no\" data-id=\"15ccd10\" data-element_type=\"column\">\r\n        <div class=\"elementor-widget-wrap elementor-element-populated\">\r\n                     \r\n        \t\t<div class=\"elementor-element elementor-element-ccc913a elementor-widget elementor-widget-pxl_heading\" data-id=\"ccc913a\" data-element_type=\"widget\" data-widget_type=\"pxl_heading.default\">\n\t\t\t\t<div class=\"elementor-widget-container\">\n\t\t\t\t\t\n<div id=\"pxl-pxl_heading-ccc913a-7459\" class=\"pxl-heading px-sub-title-shape-style\">\n\t<div class=\"pxl-heading--inner\">\n\t\t\t\t\t<div class=\"pxl-item--subtitle px-sub-title-shape\" data-wow-delay=\"ms\">\n\t\t\t\t<span class=\"pxl-item--subtext\">\n\t\t\t\t\t\t\t\t\t\t\t<i class=\"flaticon-heading text-gradient pxl-mr-10 pxl-icon--heading\"><\/i>\n\t\t\t\t\t\t\t\t\t\t\t\t\t\t\t\t\t\t\t\t<span class=\"\">Pop\u00fcler Sorular<\/span>\n\t\t\t\t<\/span>\n\t\t\t<\/div>\n\t\t\n\t\t<h2 class=\"pxl-item--title style-default highlight-default pxl-split-text split-in-right\" data-wow-delay=\"ms\">\n\n\t\t\t<span class=\"pxl-heading--text\">\n\n\t\t\t\t\t\t\t\t\tS\u0131k\u00e7a Sorulan Sorular\t\n\t\t\t\t\t\n\n\t\t\t<\/span>\n\t\t<\/h2>\n\t\t\n\t<\/div>\n<\/div>\t\t\t\t<\/div>\n\t\t\t\t<\/div>\n\t\t        <section class=\"elementor-section elementor-inner-section elementor-element elementor-element-eac2d63 elementor-section-boxed elementor-section-height-default elementor-section-height-default pxl-row-scroll-none pxl-zoom-point-false pxl-section-overflow-visible pxl-section-fix-none pxl-bg-color-none pxl-section-overlay-none\" data-id=\"eac2d63\" data-element_type=\"section\">\n\n                \n                <div class=\"elementor-container elementor-column-gap-extended\">\n                <div class=\"elementor-column elementor-col-50 elementor-inner-column elementor-element elementor-element-759dd5a pxl-column-none pxl-column-overflow-hidden-no\" data-id=\"759dd5a\" data-element_type=\"column\">\r\n        <div class=\"elementor-widget-wrap elementor-element-populated\">\r\n                     \r\n        \t\t<div class=\"elementor-element elementor-element-463bd04 elementor-widget elementor-widget-pxl_accordion\" data-id=\"463bd04\" data-element_type=\"widget\" data-widget_type=\"pxl_accordion.default\">\n\t\t\t\t<div class=\"elementor-widget-container\">\n\t\t\t\t\t    <div class=\"pxl-accordion pxl-accordion1 style-default\" data-wow-delay=\"ms\">\r\n                    <div class=\"pxl--item\">\r\n                <h5 class=\"pxl-accordion--title\" data-target=\"#pxl_accordion-463bd04-3295-34d4f7c\">\r\n                    <div class=\"pxl-title--number pxl-empty\">01<\/div>\r\n                                        <span class=\"pxl-title--text\">Londra'daki i\u015fletmemin neden ger\u00e7ekten bir web sitesine ihtiyac\u0131 var?<\/span>\r\n                    <span class=\"pxl-icon--action\"><span class=\"pxl-icon--plus pxl-icon--gradient\"><span><\/span><\/span><\/span>                <\/h5>\r\n                <div id=\"pxl_accordion-463bd04-3295-34d4f7c\" class=\"pxl-accordion--content\" >Basit: 7\/24 \u00e7evrimi\u00e7i olarak daha fazla m\u00fc\u015fteri taraf\u0131ndan g\u00f6r\u00fclmek. Bu, devasa Londra pazar\u0131ndaki dijital vitrininiz.<\/div>\r\n            <\/div>\r\n                    <div class=\"pxl--item active\">\r\n                <h5 class=\"pxl-accordion--title\" data-target=\"#pxl_accordion-463bd04-3295-ad26938\">\r\n                    <div class=\"pxl-title--number pxl-empty\">02<\/div>\r\n                                        <span class=\"pxl-title--text\">Bir web sitesi sat\u0131\u015flar\u0131m\u0131 ve gelirimi ger\u00e7ekten art\u0131rabilir mi?<\/span>\r\n                    <span class=\"pxl-icon--action\"><span class=\"pxl-icon--plus pxl-icon--gradient\"><span><\/span><\/span><\/span>                <\/h5>\r\n                <div id=\"pxl_accordion-463bd04-3295-ad26938\" class=\"pxl-accordion--content\" style=\"display: block;\">Kesinlikle! \u0130yi tasarlanm\u0131\u015f bir site daha fazla m\u00fc\u015fteri \u00e7eker, tekliflerinizi sergiler ve sizden sat\u0131n almalar\u0131n\u0131 kolayla\u015ft\u0131rarak gelirin artmas\u0131n\u0131 sa\u011flar.<\/div>\r\n            <\/div>\r\n                    <div class=\"pxl--item\">\r\n                <h5 class=\"pxl-accordion--title\" data-target=\"#pxl_accordion-463bd04-3295-5b0c792\">\r\n                    <div class=\"pxl-title--number pxl-empty\">03<\/div>\r\n                                        <span class=\"pxl-title--text\">Londra b\u00f6lgesinde k\u00fc\u00e7\u00fck bir d\u00fckkan\u0131m var. Bir web sitesi bana yard\u0131mc\u0131 olur mu?<\/span>\r\n                    <span class=\"pxl-icon--action\"><span class=\"pxl-icon--plus pxl-icon--gradient\"><span><\/span><\/span><\/span>                <\/h5>\r\n                <div id=\"pxl_accordion-463bd04-3295-5b0c792\" class=\"pxl-accordion--content\" >Kesinlikle. Web sitenizdeki yerel SEO, b\u00f6lgenizdeki sizinki gibi i\u015fletmeleri arayan Londral\u0131lar taraf\u0131ndan bulunman\u0131z\u0131 sa\u011flar.<\/div>\r\n            <\/div>\r\n                    <div class=\"pxl--item\">\r\n                <h5 class=\"pxl-accordion--title\" data-target=\"#pxl_accordion-463bd04-3295-74758e3\">\r\n                    <div class=\"pxl-title--number pxl-empty\">04<\/div>\r\n                                        <span class=\"pxl-title--text\">Bir web sitesi sahibi olmak pahal\u0131 m\u0131d\u0131r?<\/span>\r\n                    <span class=\"pxl-icon--action\"><span class=\"pxl-icon--plus pxl-icon--gradient\"><span><\/span><\/span><\/span>                <\/h5>\r\n                <div id=\"pxl_accordion-463bd04-3295-74758e3\" class=\"pxl-accordion--content\" >\u015eart de\u011fil. Farkl\u0131 b\u00fct\u00e7elere uygun, yat\u0131r\u0131m\u0131n\u0131zdan de\u011ferli bir geri d\u00f6n\u00fc\u015f sa\u011flayan \u00f6zel \u00e7\u00f6z\u00fcmler sunuyoruz. Bunu gelecekteki b\u00fcy\u00fcmenize yat\u0131r\u0131m yapmak olarak d\u00fc\u015f\u00fcn\u00fcn.<\/div>\r\n            <\/div>\r\n                    <div class=\"pxl--item\">\r\n                <h5 class=\"pxl-accordion--title\" data-target=\"#pxl_accordion-463bd04-3295-ad6f45f\">\r\n                    <div class=\"pxl-title--number pxl-empty\">05<\/div>\r\n                                        <span class=\"pxl-title--text\">Teknoloji merakl\u0131s\u0131 de\u011filim. Bir web sitesini y\u00f6netmek karma\u015f\u0131k m\u0131?<\/span>\r\n                    <span class=\"pxl-icon--action\"><span class=\"pxl-icon--plus pxl-icon--gradient\"><span><\/span><\/span><\/span>                <\/h5>\r\n                <div id=\"pxl_accordion-463bd04-3295-ad6f45f\" class=\"pxl-accordion--content\" >Kullan\u0131c\u0131 dostu web siteleri olu\u015fturuyor ve s\u00fcrekli destek sunuyoruz, b\u00f6ylece \u00e7evrimi\u00e7i varl\u0131\u011f\u0131n\u0131z\u0131 y\u00f6netmek i\u00e7in teknoloji dehas\u0131 olman\u0131za gerek kalm\u0131yor.<\/div>\r\n            <\/div>\r\n            <\/div>\r\n\t\t\t\t<\/div>\n\t\t\t\t<\/div>\n\t\t            <\/div>\r\n        <\/div>\r\n                <div class=\"elementor-column elementor-col-50 elementor-inner-column elementor-element elementor-element-546bea1 pxl-column-none pxl-column-overflow-hidden-no\" data-id=\"546bea1\" data-element_type=\"column\">\r\n        <div class=\"elementor-widget-wrap elementor-element-populated\">\r\n                     \r\n        \t\t<div class=\"elementor-element elementor-element-02b14e5 elementor-widget elementor-widget-pxl_accordion\" data-id=\"02b14e5\" data-element_type=\"widget\" data-widget_type=\"pxl_accordion.default\">\n\t\t\t\t<div class=\"elementor-widget-container\">\n\t\t\t\t\t    <div class=\"pxl-accordion pxl-accordion1 style-default\" data-wow-delay=\"ms\">\r\n                    <div class=\"pxl--item\">\r\n                <h5 class=\"pxl-accordion--title\" data-target=\"#pxl_accordion-02b14e5-4114-34d4f7c\">\r\n                    <div class=\"pxl-title--number pxl-empty\">06<\/div>\r\n                                        <span class=\"pxl-title--text\">Bir web sitesine sahip olman\u0131n sonu\u00e7lar\u0131n\u0131 ne kadar \u00e7abuk g\u00f6rebilirim?<\/span>\r\n                    <span class=\"pxl-icon--action\"><span class=\"pxl-icon--plus pxl-icon--gradient\"><span><\/span><\/span><\/span>                <\/h5>\r\n                <div id=\"pxl_accordion-02b14e5-4114-34d4f7c\" class=\"pxl-accordion--content\" >SEO zaman alsa da, i\u015fletmenizi sergilemeye ve potansiyel m\u00fc\u015fterilerle \u00e7evrimi\u00e7i etkile\u015fim kurmaya hemen ba\u015flayabilirsiniz.<\/div>\r\n            <\/div>\r\n                    <div class=\"pxl--item\">\r\n                <h5 class=\"pxl-accordion--title\" data-target=\"#pxl_accordion-02b14e5-4114-ad26938\">\r\n                    <div class=\"pxl-title--number pxl-empty\">07<\/div>\r\n                                        <span class=\"pxl-title--text\">Londra'da evden para kazanmak istiyorum. Bana yard\u0131m edebilir misiniz?<\/span>\r\n                    <span class=\"pxl-icon--action\"><span class=\"pxl-icon--plus pxl-icon--gradient\"><span><\/span><\/span><\/span>                <\/h5>\r\n                <div id=\"pxl_accordion-02b14e5-4114-ad26938\" class=\"pxl-accordion--content\" >Evet! Bir web sitesi ve \u00e7evrimi\u00e7i ma\u011faza, becerilerinizi, \u00fcr\u00fcnlerinizi veya hizmetlerinizi do\u011frudan evinizden Londra pazar\u0131na ve \u00f6tesine satabilece\u011finiz bir platform olabilir.<\/div>\r\n            <\/div>\r\n                    <div class=\"pxl--item\">\r\n                <h5 class=\"pxl-accordion--title\" data-target=\"#pxl_accordion-02b14e5-4114-5b0c792\">\r\n                    <div class=\"pxl-title--number pxl-empty\">08<\/div>\r\n                                        <span class=\"pxl-title--text\">Londra'daki i\u015fletmem i\u00e7in ne t\u00fcr bir web sitesine ihtiyac\u0131m var?<\/span>\r\n                    <span class=\"pxl-icon--action\"><span class=\"pxl-icon--plus pxl-icon--gradient\"><span><\/span><\/span><\/span>                <\/h5>\r\n                <div id=\"pxl_accordion-02b14e5-4114-5b0c792\" class=\"pxl-accordion--content\" >\u00d6zel ihtiya\u00e7lar\u0131n\u0131z\u0131 anlamak ve markan\u0131z\u0131 ve hedeflerinizi m\u00fckemmel bir \u015fekilde yans\u0131tan \u0131smarlama bir web sitesi olu\u015fturmak i\u00e7in sizinle birlikte \u00e7al\u0131\u015faca\u011f\u0131z.<\/div>\r\n            <\/div>\r\n                    <div class=\"pxl--item active\">\r\n                <h5 class=\"pxl-accordion--title\" data-target=\"#pxl_accordion-02b14e5-4114-74758e3\">\r\n                    <div class=\"pxl-title--number pxl-empty\">09<\/div>\r\n                                        <span class=\"pxl-title--text\">Bir web sitesi Londra'daki rakiplerimin aras\u0131ndan s\u0131yr\u0131lmama yard\u0131mc\u0131 olur mu?<\/span>\r\n                    <span class=\"pxl-icon--action\"><span class=\"pxl-icon--plus pxl-icon--gradient\"><span><\/span><\/span><\/span>                <\/h5>\r\n                <div id=\"pxl_accordion-02b14e5-4114-74758e3\" class=\"pxl-accordion--content\" style=\"display: block;\">Kesinlikle. Profesyonelce tasarlanm\u0131\u015f bir web sitesi, benzersiz tekliflerinizi ve marka kimli\u011finizi sergileyerek ak\u0131lda kal\u0131c\u0131 bir izlenim b\u0131rakman\u0131za yard\u0131mc\u0131 olur.<\/div>\r\n            <\/div>\r\n                    <div class=\"pxl--item\">\r\n                <h5 class=\"pxl-accordion--title\" data-target=\"#pxl_accordion-02b14e5-4114-ad6f45f\">\r\n                    <div class=\"pxl-title--number pxl-empty\">10<\/div>\r\n                                        <span class=\"pxl-title--text\">Londra'daki i\u015fimi internete ta\u015f\u0131maya haz\u0131r m\u0131y\u0131m? Bir sonraki ad\u0131m nedir?<\/span>\r\n                    <span class=\"pxl-icon--action\"><span class=\"pxl-icon--plus pxl-icon--gradient\"><span><\/span><\/span><\/span>                <\/h5>\r\n                <div id=\"pxl_accordion-02b14e5-4114-ad6f45f\" class=\"pxl-accordion--content\" >Sohbet i\u00e7in ileti\u015fime ge\u00e7in! \u0130htiya\u00e7lar\u0131n\u0131z\u0131 ve bir web sitesinin Londra pazar\u0131nda geli\u015fmenize ve gelirinizi art\u0131rman\u0131za nas\u0131l yard\u0131mc\u0131 olabilece\u011fini tart\u0131\u015faca\u011f\u0131z.<\/div>\r\n            <\/div>\r\n            <\/div>\r\n\t\t\t\t<\/div>\n\t\t\t\t<\/div>\n\t\t            <\/div>\r\n        <\/div>\r\n        \t\t\t<\/div>\n\t\t<\/section>\n\t\t            <\/div>\r\n        <\/div>\r\n        \t\t\t<\/div>\n\t\t<\/section>\n\t\t\t\t<\/div>","protected":false},"excerpt":{"rendered":"<p>Popular Questions Frequently Asked Questions 01 Why does my London business really need a website? Simple: to be seen by more customers online, 24\/7. It&#8217;s your digital shopfront in the massive London market. 02 Can a website actually boost my sales and income? Absolutely! A well-designed site attracts more customers, showcases your offerings, and makes [&hellip;]<\/p>","protected":false},"author":1,"featured_media":0,"parent":0,"menu_order":0,"comment_status":"closed","ping_status":"closed","template":"","meta":{"googlesitekit_rrm_CAowjZu7DA:productID":"","footnotes":""},"class_list":["post-1194","page","type-page","status-publish","hentry"],"yoast_head":"<!-- This site is optimized with the Yoast SEO plugin v26.0 - https:\/\/yoast.com\/wordpress\/plugins\/seo\/ -->\n<title>FAQs - Web Design and Mobile App Development<\/title>\n<meta name=\"robots\" content=\"index, follow, max-snippet:-1, max-image-preview:large, max-video-preview:-1\" \/>\n<link rel=\"canonical\" href=\"https:\/\/topgearwebservice.co.uk\/tr\/sss\/\" \/>\n<meta property=\"og:locale\" content=\"tr_TR\" \/>\n<meta property=\"og:type\" content=\"article\" \/>\n<meta property=\"og:title\" content=\"FAQs - Web Design and Mobile App Development\" \/>\n<meta property=\"og:description\" content=\"Popular Questions Frequently Asked Questions 01 Why does my London business really need a website? Simple: to be seen by more customers online, 24\/7. It&#8217;s your digital shopfront in the massive London market. 02 Can a website actually boost my sales and income? Absolutely! A well-designed site attracts more customers, showcases your offerings, and makes [&hellip;]\" \/>\n<meta property=\"og:url\" content=\"https:\/\/topgearwebservice.co.uk\/tr\/sss\/\" \/>\n<meta property=\"og:site_name\" content=\"Web Design and Mobile App Development\" \/>\n<meta property=\"article:modified_time\" content=\"2025-04-19T21:32:41+00:00\" \/>\n<meta name=\"twitter:card\" content=\"summary_large_image\" \/>\n<meta name=\"twitter:label1\" content=\"Tahmini okuma s\u00fcresi\" \/>\n\t<meta name=\"twitter:data1\" content=\"2 dakika\" \/>\n<script type=\"application\/ld+json\" class=\"yoast-schema-graph\">{\"@context\":\"https:\/\/schema.org\",\"@graph\":[{\"@type\":\"WebPage\",\"@id\":\"https:\/\/topgearwebservice.co.uk\/faqs\/\",\"url\":\"https:\/\/topgearwebservice.co.uk\/faqs\/\",\"name\":\"FAQs - Web Design and Mobile App Development\",\"isPartOf\":{\"@id\":\"https:\/\/topgearwebservice.co.uk\/#website\"},\"datePublished\":\"2024-05-01T14:49:07+00:00\",\"dateModified\":\"2025-04-19T21:32:41+00:00\",\"breadcrumb\":{\"@id\":\"https:\/\/topgearwebservice.co.uk\/faqs\/#breadcrumb\"},\"inLanguage\":\"tr\",\"potentialAction\":[{\"@type\":\"ReadAction\",\"target\":[\"https:\/\/topgearwebservice.co.uk\/faqs\/\"]}]},{\"@type\":\"BreadcrumbList\",\"@id\":\"https:\/\/topgearwebservice.co.uk\/faqs\/#breadcrumb\",\"itemListElement\":[{\"@type\":\"ListItem\",\"position\":1,\"name\":\"Home\",\"item\":\"https:\/\/topgearwebservice.co.uk\/\"},{\"@type\":\"ListItem\",\"position\":2,\"name\":\"FAQs\"}]},{\"@type\":\"WebSite\",\"@id\":\"https:\/\/topgearwebservice.co.uk\/#website\",\"url\":\"https:\/\/topgearwebservice.co.uk\/\",\"name\":\"Expert Web Design & Mobile App Development\",\"description\":\"Web Design\",\"publisher\":{\"@id\":\"https:\/\/topgearwebservice.co.uk\/#organization\"},\"potentialAction\":[{\"@type\":\"SearchAction\",\"target\":{\"@type\":\"EntryPoint\",\"urlTemplate\":\"https:\/\/topgearwebservice.co.uk\/?s={search_term_string}\"},\"query-input\":{\"@type\":\"PropertyValueSpecification\",\"valueRequired\":true,\"valueName\":\"search_term_string\"}}],\"inLanguage\":\"tr\"},{\"@type\":\"Organization\",\"@id\":\"https:\/\/topgearwebservice.co.uk\/#organization\",\"name\":\"Expert Web Design & Mobile App Development\",\"url\":\"https:\/\/topgearwebservice.co.uk\/\",\"logo\":{\"@type\":\"ImageObject\",\"inLanguage\":\"tr\",\"@id\":\"https:\/\/topgearwebservice.co.uk\/#\/schema\/logo\/image\/\",\"url\":\"https:\/\/topgearwebservice.co.uk\/wp-content\/uploads\/2024\/04\/WhatsApp-Image-2025-09-08-at-23.36.35_3365f147.jpg\",\"contentUrl\":\"https:\/\/topgearwebservice.co.uk\/wp-content\/uploads\/2024\/04\/WhatsApp-Image-2025-09-08-at-23.36.35_3365f147.jpg\",\"width\":734,\"height\":705,\"caption\":\"Expert Web Design & Mobile App Development\"},\"image\":{\"@id\":\"https:\/\/topgearwebservice.co.uk\/#\/schema\/logo\/image\/\"}}]}<\/script>\n<!-- \/ Yoast SEO plugin. -->","yoast_head_json":{"title":"FAQs - Web Design and Mobile App Development","robots":{"index":"index","follow":"follow","max-snippet":"max-snippet:-1","max-image-preview":"max-image-preview:large","max-video-preview":"max-video-preview:-1"},"canonical":"https:\/\/topgearwebservice.co.uk\/tr\/sss\/","og_locale":"tr_TR","og_type":"article","og_title":"FAQs - Web Design and Mobile App Development","og_description":"Popular Questions Frequently Asked Questions 01 Why does my London business really need a website? Simple: to be seen by more customers online, 24\/7. It&#8217;s your digital shopfront in the massive London market. 02 Can a website actually boost my sales and income? Absolutely! A well-designed site attracts more customers, showcases your offerings, and makes [&hellip;]","og_url":"https:\/\/topgearwebservice.co.uk\/tr\/sss\/","og_site_name":"Web Design and Mobile App Development","article_modified_time":"2025-04-19T21:32:41+00:00","twitter_card":"summary_large_image","twitter_misc":{"Tahmini okuma s\u00fcresi":"2 dakika"},"schema":{"@context":"https:\/\/schema.org","@graph":[{"@type":"WebPage","@id":"https:\/\/topgearwebservice.co.uk\/faqs\/","url":"https:\/\/topgearwebservice.co.uk\/faqs\/","name":"FAQs - Web Design and Mobile App Development","isPartOf":{"@id":"https:\/\/topgearwebservice.co.uk\/#website"},"datePublished":"2024-05-01T14:49:07+00:00","dateModified":"2025-04-19T21:32:41+00:00","breadcrumb":{"@id":"https:\/\/topgearwebservice.co.uk\/faqs\/#breadcrumb"},"inLanguage":"tr","potentialAction":[{"@type":"ReadAction","target":["https:\/\/topgearwebservice.co.uk\/faqs\/"]}]},{"@type":"BreadcrumbList","@id":"https:\/\/topgearwebservice.co.uk\/faqs\/#breadcrumb","itemListElement":[{"@type":"ListItem","position":1,"name":"Home","item":"https:\/\/topgearwebservice.co.uk\/"},{"@type":"ListItem","position":2,"name":"FAQs"}]},{"@type":"WebSite","@id":"https:\/\/topgearwebservice.co.uk\/#website","url":"https:\/\/topgearwebservice.co.uk\/","name":"Uzman Web Tasar\u0131m &amp; Mobil Uygulama Geli\u015ftirme","description":"Web Tasar\u0131m","publisher":{"@id":"https:\/\/topgearwebservice.co.uk\/#organization"},"potentialAction":[{"@type":"SearchAction","target":{"@type":"EntryPoint","urlTemplate":"https:\/\/topgearwebservice.co.uk\/?s={search_term_string}"},"query-input":{"@type":"PropertyValueSpecification","valueRequired":true,"valueName":"search_term_string"}}],"inLanguage":"tr"},{"@type":"Organization","@id":"https:\/\/topgearwebservice.co.uk\/#organization","name":"Uzman Web Tasar\u0131m &amp; Mobil Uygulama Geli\u015ftirme","url":"https:\/\/topgearwebservice.co.uk\/","logo":{"@type":"ImageObject","inLanguage":"tr","@id":"https:\/\/topgearwebservice.co.uk\/#\/schema\/logo\/image\/","url":"https:\/\/topgearwebservice.co.uk\/wp-content\/uploads\/2024\/04\/WhatsApp-Image-2025-09-08-at-23.36.35_3365f147.jpg","contentUrl":"https:\/\/topgearwebservice.co.uk\/wp-content\/uploads\/2024\/04\/WhatsApp-Image-2025-09-08-at-23.36.35_3365f147.jpg","width":734,"height":705,"caption":"Expert Web Design & Mobile App Development"},"image":{"@id":"https:\/\/topgearwebservice.co.uk\/#\/schema\/logo\/image\/"}}]}},"_hostinger_reach_plugin_has_subscription_block":false,"_hostinger_reach_plugin_is_elementor":false,"_links":{"self":[{"href":"https:\/\/topgearwebservice.co.uk\/tr\/wp-json\/wp\/v2\/pages\/1194","targetHints":{"allow":["GET"]}}],"collection":[{"href":"https:\/\/topgearwebservice.co.uk\/tr\/wp-json\/wp\/v2\/pages"}],"about":[{"href":"https:\/\/topgearwebservice.co.uk\/tr\/wp-json\/wp\/v2\/types\/page"}],"author":[{"embeddable":true,"href":"https:\/\/topgearwebservice.co.uk\/tr\/wp-json\/wp\/v2\/users\/1"}],"replies":[{"embeddable":true,"href":"https:\/\/topgearwebservice.co.uk\/tr\/wp-json\/wp\/v2\/comments?post=1194"}],"version-history":[{"count":6,"href":"https:\/\/topgearwebservice.co.uk\/tr\/wp-json\/wp\/v2\/pages\/1194\/revisions"}],"predecessor-version":[{"id":5275,"href":"https:\/\/topgearwebservice.co.uk\/tr\/wp-json\/wp\/v2\/pages\/1194\/revisions\/5275"}],"wp:attachment":[{"href":"https:\/\/topgearwebservice.co.uk\/tr\/wp-json\/wp\/v2\/media?parent=1194"}],"curies":[{"name":"wp","href":"https:\/\/api.w.org\/{rel}","templated":true}]}}